{"id":1355,"date":"2021-02-26T15:35:30","date_gmt":"2021-02-26T15:35:30","guid":{"rendered":"https:\/\/lasercut.hr\/contact\/"},"modified":"2025-09-18T09:07:44","modified_gmt":"2025-09-18T09:07:44","slug":"contact","status":"publish","type":"page","link":"https:\/\/lasercut.hr\/en\/contact\/","title":{"rendered":"Contact"},"content":{"rendered":"<p>[et_pb_section fb_built=&#8221;1&#8243; admin_label=&#8221;Contact&#8221; _builder_version=&#8221;4.25.2&#8243; _module_preset=&#8221;default&#8221; background_enable_color=&#8221;off&#8221; custom_padding=&#8221;24px||15px|||&#8221; locked=&#8221;off&#8221; global_colors_info=&#8221;{%22gcid-b6c4f12c-f25d-4f61-9fb1-6e96404634cd%22:%91%22background_color%22%93}&#8221;][et_pb_row _builder_version=&#8221;4.25.2&#8243; _module_preset=&#8221;default&#8221; max_width=&#8221;1320px&#8221; custom_padding=&#8221;||10px|||&#8221; global_colors_info=&#8221;{}&#8221;][et_pb_column type=&#8221;4_4&#8243; _builder_version=&#8221;4.25.2&#8243; _module_preset=&#8221;default&#8221; global_colors_info=&#8221;{}&#8221;][et_pb_heading title=&#8221;Contact&#8221; _builder_version=&#8221;4.27.4&#8243; _module_preset=&#8221;85ebe9b7-0eb2-400f-9057-8fcb050b0df9&#8243; title_font=&#8221;||||||||&#8221; custom_margin=&#8221;||10px||false|false&#8221; title_font_size_phone=&#8221;40px&#8221; global_colors_info=&#8221;{}&#8221;][\/et_pb_heading][et_pb_social_media_follow _builder_version=&#8221;4.27.4&#8243; _module_preset=&#8221;default&#8221; global_colors_info=&#8221;{}&#8221;][et_pb_social_media_follow_network social_network=&#8221;facebook&#8221; url=&#8221;https:\/\/www.facebook.com\/lasercut.hr&#8221; _builder_version=&#8221;4.27.4&#8243; _module_preset=&#8221;default&#8221; background_color=&#8221;#3b5998&#8243; global_colors_info=&#8221;{}&#8221; follow_button=&#8221;off&#8221; url_new_window=&#8221;on&#8221;]facebook[\/et_pb_social_media_follow_network][et_pb_social_media_follow_network social_network=&#8221;instagram&#8221; url=&#8221;https:\/\/www.instagram.com\/lasercut.hr\/&#8221; _builder_version=&#8221;4.27.4&#8243; _module_preset=&#8221;default&#8221; background_color=&#8221;#ea2c59&#8243; global_colors_info=&#8221;{}&#8221; follow_button=&#8221;off&#8221; url_new_window=&#8221;on&#8221;]instagram[\/et_pb_social_media_follow_network][\/et_pb_social_media_follow][et_pb_divider color=&#8221;#92bd28&#8243; divider_position=&#8221;center&#8221; divider_weight=&#8221;5px&#8221; _builder_version=&#8221;4.27.4&#8243; max_width=&#8221;50px&#8221; module_alignment=&#8221;left&#8221; locked=&#8221;off&#8221; global_colors_info=&#8221;{}&#8221;][\/et_pb_divider][\/et_pb_column][\/et_pb_row][et_pb_row column_structure=&#8221;1_2,1_2&#8243; _builder_version=&#8221;4.25.2&#8243; _module_preset=&#8221;default&#8221; max_width=&#8221;1320px&#8221; global_colors_info=&#8221;{}&#8221;][et_pb_column type=&#8221;1_2&#8243; _builder_version=&#8221;4.25.2&#8243; _module_preset=&#8221;default&#8221; global_colors_info=&#8221;{}&#8221;][et_pb_text quote_border_color=&#8221;#15c586&#8243; _builder_version=&#8221;4.27.4&#8243; _module_preset=&#8221;e41e11d9-1dfc-43b6-9361-59b4b2063f5a&#8221; text_font=&#8221;||||||||&#8221; text_text_color=&#8221;#000000&#8243; link_text_color=&#8221;#15c586&#8243; quote_text_color=&#8221;#15c586&#8243; text_font_size_phone=&#8221;16px&#8221; global_colors_info=&#8221;{}&#8221;]<\/p>\n<div class=\"flex max-w-full flex-col grow\">\n<div data-message-author-role=\"assistant\" data-message-id=\"48dec139-606b-458d-86f7-70be2e0bbb85\" dir=\"auto\" class=\"min-h-8 text-message relative flex w-full flex-col items-end gap-2 text-start break-words whitespace-normal [.text-message+&amp;]:mt-5\" data-message-model-slug=\"gpt-5\">\n<div class=\"flex w-full flex-col gap-1 empty:hidden first:pt-[3px]\">\n<div class=\"markdown prose dark:prose-invert w-full break-words dark markdown-new-styling\">\n<p data-start=\"0\" data-end=\"434\" data-is-last-node=\"\" data-is-only-node=\"\">Do you have a <strong>question<\/strong>, need a <strong>quote<\/strong> or <strong>advice<\/strong> about <strong>laser metal cutting<\/strong>?<br \/><br data-start=\"91\" data-end=\"94\">Call us, send an email, or stop by our address \u2013 <strong data-start=\"159\" data-end=\"171\">the Lasercut team <\/strong>is always ready to help. With expert knowledge and precise technology, together we can find the optimal solution for your project, whether it is individual pieces or series production.<br \/><br data-start=\"366\" data-end=\"369\"><strong>Your idea and our cut &#8211; a perfect combination for a top result.<\/strong><\/p>\n<\/div>\n<\/div>\n<\/div>\n<\/div>\n<div class=\"flex min-h-[46px] justify-start\"><\/div>\n<div class=\"mt-3 w-full empty:hidden\">\n<div class=\"text-center\">\n<div>\n<div class=\"inline-flex border border-gray-100 dark:border-gray-700 rounded-xl\">\n<div class=\"text-token-text-secondary flex items-center justify-center gap-4 px-4 py-2.5 text-sm whitespace-nowrap\"><\/div>\n<\/div>\n<\/div>\n<\/div>\n<\/div>\n<p>[\/et_pb_text][et_pb_blurb title=&#8221;Address&#8221; use_icon=&#8221;on&#8221; font_icon=&#8221;&#xf276;||fa||900&#8243; _builder_version=&#8221;4.27.4&#8243; _module_preset=&#8221;1540a6ab-feee-416b-9e20-ee328137f398&#8243; header_font=&#8221;||||||||&#8221; body_font=&#8221;||||||||&#8221; body_font_size=&#8221;18px&#8221; header_font_size_phone=&#8221;17px&#8221; global_colors_info=&#8221;{}&#8221;]<\/p>\n<p><a href=\"https:\/\/www.google.com\/maps\/place\/Ive+Lole+Ribara+27,+31400,+Budrovci\/@45.2766779,18.4392325,3a,75y,237.55h,86.73t\/data=!3m6!1e1!3m4!1sCsDmP490allW00ecIC8aOw!2e0!7i13312!8i6656!4m5!3m4!1s0x475c568623e7a1a7:0xf3cb39caa0c058ee!8m2!3d45.274356!4d18.4405775\" target=\"_blank\" rel=\"noopener\">Ulica Ive Lole Ribara 27, Budrovci, 31400 \u0110akovo<\/a><\/p>\n<p>[\/et_pb_blurb][et_pb_blurb title=&#8221;Phone Number&#8221; use_icon=&#8221;on&#8221; font_icon=&#8221;&#xf10b;||fa||900&#8243; _builder_version=&#8221;4.27.4&#8243; _module_preset=&#8221;1540a6ab-feee-416b-9e20-ee328137f398&#8243; header_font=&#8221;||||||||&#8221; body_font=&#8221;||||||||&#8221; body_font_size=&#8221;18px&#8221; header_font_size_phone=&#8221;17px&#8221; global_colors_info=&#8221;{}&#8221;]<\/p>\n<p><a href=\"tel:+385%2091%20881%201166\">+385 91 881 1166<\/a><\/p>\n<p>[\/et_pb_blurb][et_pb_blurb title=&#8221;Email&#8221; use_icon=&#8221;on&#8221; font_icon=&#8221;&#xf658;||fa||900&#8243; _builder_version=&#8221;4.27.4&#8243; _module_preset=&#8221;1540a6ab-feee-416b-9e20-ee328137f398&#8243; header_font=&#8221;||||||||&#8221; body_font=&#8221;||||||||&#8221; body_font_size=&#8221;18px&#8221; header_font_size_phone=&#8221;17px&#8221; global_colors_info=&#8221;{}&#8221;]<\/p>\n<p><a href=\"mailto:%20lasercut.hr@gmail.com\"><span>lasercut.hr@gmail.com<\/span><\/a><\/p>\n<p>[\/et_pb_blurb][\/et_pb_column][et_pb_column type=&#8221;1_2&#8243; _builder_version=&#8221;4.25.2&#8243; _module_preset=&#8221;61fb7676-a6af-4fa3-9450-84060b67b395&#8243; global_colors_info=&#8221;{}&#8221;][et_pb_code _builder_version=&#8221;4.27.4&#8243; _module_preset=&#8221;default&#8221; global_colors_info=&#8221;{}&#8221;]<iframe src=\"https:\/\/www.google.com\/maps\/embed?pb=!1m18!1m12!1m3!1d2807.5742144137143!2d18.436543911933438!3d45.27661717095086!2m3!1f0!2f0!3f0!3m2!1i1024!2i768!4f13.1!3m3!1m2!1s0x475c57231c99fa99%3A0x8ef9530f86ad398e!2sLaserCut!5e0!3m2!1shr!2shr!4v1758023890485!5m2!1shr!2shr\" width=\"600\" height=\"450\" style=\"border:0;\" allowfullscreen=\"\" loading=\"lazy\" referrerpolicy=\"no-referrer-when-downgrade\"><\/iframe>[\/et_pb_code][\/et_pb_column][\/et_pb_row][\/et_pb_section][et_pb_section fb_built=&#8221;1&#8243; admin_label=&#8221;FAQ&#8221; _builder_version=&#8221;4.16&#8243; background_color=&#8221;#f7f7f7&#8243; global_colors_info=&#8221;{}&#8221; custom_padding=&#8221;30px||40px|||&#8221;][et_pb_row _builder_version=&#8221;4.16&#8243; global_colors_info=&#8221;{}&#8221;][et_pb_column type=&#8221;4_4&#8243; _builder_version=&#8221;4.16&#8243; custom_padding=&#8221;|||&#8221; global_colors_info=&#8221;{}&#8221; custom_padding__hover=&#8221;|||&#8221;][et_pb_accordion closed_toggle_text_color=&#8221;#2a2a2a&#8221; closed_toggle_background_color=&#8221;#ffffff&#8221; icon_color=&#8221;#ffb400&#8243; _builder_version=&#8221;4.16&#8243; toggle_font=&#8221;Rubik|700|||||||&#8221; toggle_font_size=&#8221;14px&#8221; toggle_line_height=&#8221;1.4em&#8221; body_font=&#8221;||||||||&#8221; body_font_size=&#8221;15px&#8221; body_line_height=&#8221;1.8em&#8221; custom_margin=&#8221;|||&#8221; custom_padding=&#8221;|||&#8221; border_width_all=&#8221;0px&#8221; global_colors_info=&#8221;{}&#8221;][et_pb_accordion_item title=&#8221;Impresum&#8221; open=&#8221;on&#8221; _builder_version=&#8221;4.16&#8243; custom_margin=&#8221;1px||1px||true&#8221; global_colors_info=&#8221;{}&#8221;]<\/p>\n<ul>\n<li><span>Koncertissa d.o.o.<\/span><\/li>\n<li><span>OIB: 36233856500 <\/span><\/li>\n<li><span>HQ: Bana Josipa Jela\u010di\u0107a 14, 31400 \u0110akovo<\/span><\/li>\n<li><span>Year of foundation: 2019.<\/span><span><\/span><\/li>\n<\/ul>\n<p>[\/et_pb_accordion_item][et_pb_accordion_item title=&#8221;Other information&#8221; icon_color=&#8221;#92bd28&#8243; _builder_version=&#8221;4.16&#8243; _module_preset=&#8221;default&#8221; global_colors_info=&#8221;{}&#8221; open=&#8221;off&#8221;]<\/p>\n<ul>\n<li>Competent court: Commercial Court in Osijek<\/li>\n<li><span>MBS: 030179593 <\/span><\/li>\n<li><span>Share capital: 20,000.00 kuna<\/span><\/li>\n<li><span>Director: Boris Miholjek<\/span><span><\/span><\/li>\n<\/ul>\n<p>[\/et_pb_accordion_item][\/et_pb_accordion][\/et_pb_column][\/et_pb_row][\/et_pb_section]<\/p>\n","protected":false},"excerpt":{"rendered":"<p>Do you have a question, need a quote or advice about laser metal cutting?Call us, send an email, or stop by our address \u2013 the Lasercut team is always ready to help. With expert knowledge and precise technology, together we can find the optimal solution for your project, whether it is individual pieces or series [&hellip;]<\/p>\n","protected":false},"author":1,"featured_media":0,"parent":0,"menu_order":0,"comment_status":"closed","ping_status":"closed","template":"","meta":{"_et_pb_use_builder":"on","_et_pb_old_content":"","_et_gb_content_width":"","footnotes":""},"class_list":["post-1355","page","type-page","status-publish","hentry"],"yoast_head":"<!-- This site is optimized with the Yoast SEO plugin v27.3 - https:\/\/yoast.com\/product\/yoast-seo-wordpress\/ -->\n<title>Contact - LaserCut, metal products<\/title>\n<meta name=\"description\" content=\"If you have any questions, please feel free to contact us. You can contact us by phone, email, or simply by coming to our address.\" \/>\n<meta name=\"robots\" content=\"index, follow, max-snippet:-1, max-image-preview:large, max-video-preview:-1\" \/>\n<link rel=\"canonical\" href=\"https:\/\/lasercut.hr\/en\/contact\/\" \/>\n<meta property=\"og:locale\" content=\"en_US\" \/>\n<meta property=\"og:type\" content=\"article\" \/>\n<meta property=\"og:title\" content=\"Contact - LaserCut, metal products\" \/>\n<meta property=\"og:description\" content=\"If you have any questions, please feel free to contact us. You can contact us by phone, email, or simply by coming to our address.\" \/>\n<meta property=\"og:url\" content=\"https:\/\/lasercut.hr\/en\/contact\/\" \/>\n<meta property=\"og:site_name\" content=\"LaserCut\" \/>\n<meta property=\"article:modified_time\" content=\"2025-09-18T09:07:44+00:00\" \/>\n<meta property=\"og:image\" content=\"https:\/\/lasercut.hr\/wp-content\/uploads\/2021\/03\/LaserCut_hr.jpg\" \/>\n<meta name=\"twitter:card\" content=\"summary_large_image\" \/>\n<meta name=\"twitter:title\" content=\"Contact - LaserCut, metal products\" \/>\n<meta name=\"twitter:image\" content=\"https:\/\/lasercut.hr\/wp-content\/uploads\/2021\/03\/LaserCut_hr.jpg\" \/>\n<meta name=\"twitter:label1\" content=\"Est. reading time\" \/>\n\t<meta name=\"twitter:data1\" content=\"4 minutes\" \/>\n<script type=\"application\/ld+json\" class=\"yoast-schema-graph\">{\"@context\":\"https:\\\/\\\/schema.org\",\"@graph\":[{\"@type\":\"WebPage\",\"@id\":\"https:\\\/\\\/lasercut.hr\\\/en\\\/contact\\\/\",\"url\":\"https:\\\/\\\/lasercut.hr\\\/en\\\/contact\\\/\",\"name\":\"Contact - LaserCut, metal products\",\"isPartOf\":{\"@id\":\"https:\\\/\\\/lasercut.hr\\\/en\\\/#website\"},\"datePublished\":\"2021-02-26T15:35:30+00:00\",\"dateModified\":\"2025-09-18T09:07:44+00:00\",\"description\":\"If you have any questions, please feel free to contact us. You can contact us by phone, email, or simply by coming to our address.\",\"breadcrumb\":{\"@id\":\"https:\\\/\\\/lasercut.hr\\\/en\\\/contact\\\/#breadcrumb\"},\"inLanguage\":\"en-US\",\"potentialAction\":[{\"@type\":\"ReadAction\",\"target\":[\"https:\\\/\\\/lasercut.hr\\\/en\\\/contact\\\/\"]}]},{\"@type\":\"BreadcrumbList\",\"@id\":\"https:\\\/\\\/lasercut.hr\\\/en\\\/contact\\\/#breadcrumb\",\"itemListElement\":[{\"@type\":\"ListItem\",\"position\":1,\"name\":\"Po\u010detna stranica\",\"item\":\"https:\\\/\\\/lasercut.hr\\\/en\\\/\"},{\"@type\":\"ListItem\",\"position\":2,\"name\":\"Contact\"}]},{\"@type\":\"WebSite\",\"@id\":\"https:\\\/\\\/lasercut.hr\\\/en\\\/#website\",\"url\":\"https:\\\/\\\/lasercut.hr\\\/en\\\/\",\"name\":\"LaserCut\",\"description\":\"Proizvodi od metala\",\"potentialAction\":[{\"@type\":\"SearchAction\",\"target\":{\"@type\":\"EntryPoint\",\"urlTemplate\":\"https:\\\/\\\/lasercut.hr\\\/en\\\/?s={search_term_string}\"},\"query-input\":{\"@type\":\"PropertyValueSpecification\",\"valueRequired\":true,\"valueName\":\"search_term_string\"}}],\"inLanguage\":\"en-US\"}]}<\/script>\n<!-- \/ Yoast SEO plugin. -->","yoast_head_json":{"title":"Contact - LaserCut, metal products","description":"If you have any questions, please feel free to contact us. You can contact us by phone, email, or simply by coming to our address.","robots":{"index":"index","follow":"follow","max-snippet":"max-snippet:-1","max-image-preview":"max-image-preview:large","max-video-preview":"max-video-preview:-1"},"canonical":"https:\/\/lasercut.hr\/en\/contact\/","og_locale":"en_US","og_type":"article","og_title":"Contact - LaserCut, metal products","og_description":"If you have any questions, please feel free to contact us. You can contact us by phone, email, or simply by coming to our address.","og_url":"https:\/\/lasercut.hr\/en\/contact\/","og_site_name":"LaserCut","article_modified_time":"2025-09-18T09:07:44+00:00","og_image":[{"url":"https:\/\/lasercut.hr\/wp-content\/uploads\/2021\/03\/LaserCut_hr.jpg","type":"","width":"","height":""}],"twitter_card":"summary_large_image","twitter_title":"Contact - LaserCut, metal products","twitter_image":"https:\/\/lasercut.hr\/wp-content\/uploads\/2021\/03\/LaserCut_hr.jpg","twitter_misc":{"Est. reading time":"4 minutes"},"schema":{"@context":"https:\/\/schema.org","@graph":[{"@type":"WebPage","@id":"https:\/\/lasercut.hr\/en\/contact\/","url":"https:\/\/lasercut.hr\/en\/contact\/","name":"Contact - LaserCut, metal products","isPartOf":{"@id":"https:\/\/lasercut.hr\/en\/#website"},"datePublished":"2021-02-26T15:35:30+00:00","dateModified":"2025-09-18T09:07:44+00:00","description":"If you have any questions, please feel free to contact us. You can contact us by phone, email, or simply by coming to our address.","breadcrumb":{"@id":"https:\/\/lasercut.hr\/en\/contact\/#breadcrumb"},"inLanguage":"en-US","potentialAction":[{"@type":"ReadAction","target":["https:\/\/lasercut.hr\/en\/contact\/"]}]},{"@type":"BreadcrumbList","@id":"https:\/\/lasercut.hr\/en\/contact\/#breadcrumb","itemListElement":[{"@type":"ListItem","position":1,"name":"Po\u010detna stranica","item":"https:\/\/lasercut.hr\/en\/"},{"@type":"ListItem","position":2,"name":"Contact"}]},{"@type":"WebSite","@id":"https:\/\/lasercut.hr\/en\/#website","url":"https:\/\/lasercut.hr\/en\/","name":"LaserCut","description":"Proizvodi od metala","potentialAction":[{"@type":"SearchAction","target":{"@type":"EntryPoint","urlTemplate":"https:\/\/lasercut.hr\/en\/?s={search_term_string}"},"query-input":{"@type":"PropertyValueSpecification","valueRequired":true,"valueName":"search_term_string"}}],"inLanguage":"en-US"}]}},"_links":{"self":[{"href":"https:\/\/lasercut.hr\/en\/wp-json\/wp\/v2\/pages\/1355","targetHints":{"allow":["GET"]}}],"collection":[{"href":"https:\/\/lasercut.hr\/en\/wp-json\/wp\/v2\/pages"}],"about":[{"href":"https:\/\/lasercut.hr\/en\/wp-json\/wp\/v2\/types\/page"}],"author":[{"embeddable":true,"href":"https:\/\/lasercut.hr\/en\/wp-json\/wp\/v2\/users\/1"}],"replies":[{"embeddable":true,"href":"https:\/\/lasercut.hr\/en\/wp-json\/wp\/v2\/comments?post=1355"}],"version-history":[{"count":2,"href":"https:\/\/lasercut.hr\/en\/wp-json\/wp\/v2\/pages\/1355\/revisions"}],"predecessor-version":[{"id":1358,"href":"https:\/\/lasercut.hr\/en\/wp-json\/wp\/v2\/pages\/1355\/revisions\/1358"}],"wp:attachment":[{"href":"https:\/\/lasercut.hr\/en\/wp-json\/wp\/v2\/media?parent=1355"}],"curies":[{"name":"wp","href":"https:\/\/api.w.org\/{rel}","templated":true}]}}